{"id":328,"date":"2021-05-08T10:58:23","date_gmt":"2021-05-08T10:58:23","guid":{"rendered":"https:\/\/cristianomouraoblindado.com.br\/index.php\/about\/"},"modified":"2024-06-15T11:06:51","modified_gmt":"2024-06-15T14:06:51","slug":"sobre","status":"publish","type":"page","link":"https:\/\/cristianomouraoblindado.com.br\/index.php\/sobre\/","title":{"rendered":"About"},"content":{"rendered":"\t\t<div data-elementor-type=\"wp-page\" data-elementor-id=\"328\" class=\"elementor elementor-328\" data-elementor-post-type=\"page\">\n\t\t\t\t<div class=\"elementor-element elementor-element-ecab7ff e-flex e-con-boxed e-con e-parent\" data-id=\"ecab7ff\" data-element_type=\"container\">\n\t\t\t\t\t<div class=\"e-con-inner\">\n\t\t\t\t<div class=\"elementor-element elementor-element-2f70c2a elementor-widget elementor-widget-spacer\" data-id=\"2f70c2a\" data-element_type=\"widget\" data-widget_type=\"spacer.default\">\n\t\t\t\t<div class=\"elementor-widget-container\">\n\t\t\t\t\t\t\t<div class=\"elementor-spacer\">\n\t\t\t<div class=\"elementor-spacer-inner\"><\/div>\n\t\t<\/div>\n\t\t\t\t\t\t<\/div>\n\t\t\t\t<\/div>\n\t\t\t\t\t<\/div>\n\t\t\t\t<\/div>\n\t\t<div class=\"elementor-element elementor-element-0b009c5 e-flex e-con-boxed e-con e-parent\" data-id=\"0b009c5\" data-element_type=\"container\">\n\t\t\t\t\t<div class=\"e-con-inner\">\n\t\t\t\t\t<\/div>\n\t\t\t\t<\/div>\n\t\t<div class=\"elementor-element elementor-element-b67d09e e-flex e-con-boxed e-con e-parent\" data-id=\"b67d09e\" data-element_type=\"container\" data-settings=\"{&quot;background_background&quot;:&quot;classic&quot;}\">\n\t\t\t\t\t<div class=\"e-con-inner\">\n\t\t\t\t<div class=\"elementor-element elementor-element-c67bfd7 elementor-widget elementor-widget-heading\" data-id=\"c67bfd7\" data-element_type=\"widget\" data-widget_type=\"heading.default\">\n\t\t\t\t<div class=\"elementor-widget-container\">\n\t\t\t\t\t<h1 class=\"elementor-heading-title elementor-size-default\">Sobre<\/h1>\t\t\t\t<\/div>\n\t\t\t\t<\/div>\n\t\t\t\t<div class=\"elementor-element elementor-element-54ef55b elementor-widget elementor-widget-image\" data-id=\"54ef55b\" data-element_type=\"widget\" data-widget_type=\"image.default\">\n\t\t\t\t<div class=\"elementor-widget-container\">\n\t\t\t\t\t\t\t\t\t\t\t\t\t\t\t<img decoding=\"async\" data-src=\"https:\/\/cristianomouraoblindado.com.br\/wp-content\/uploads\/elementor\/thumbs\/soldados-israelenses--qmc62hfcel2qpkuwg69cg2ruqmpqk7s3x4yphrfnk0.png\" title=\"soldados israelenses\" alt=\"soldados israelenses\" src=\"data:image\/gif;base64,R0lGODlhAQABAAAAACH5BAEKAAEALAAAAAABAAEAAAICTAEAOw==\" class=\"lazyload\" style=\"--smush-placeholder-width: 1024px; --smush-placeholder-aspect-ratio: 1024\/512;\" \/>\t\t\t\t\t\t\t\t\t\t\t\t\t\t\t<\/div>\n\t\t\t\t<\/div>\n\t\t\t\t<div class=\"elementor-element elementor-element-a6e7917 elementor-widget elementor-widget-text-editor\" data-id=\"a6e7917\" data-element_type=\"widget\" data-widget_type=\"text-editor.default\">\n\t\t\t\t<div class=\"elementor-widget-container\">\n\t\t\t\t\t\t\t\t\t<p>Oferecemos um servi\u00e7o prote\u00e7\u00e3o especializada para indiv\u00edduos de alto perfil, como autoridades governamentais, empres\u00e1rios, celebridades e suas fam\u00edlias. Esses servi\u00e7os visam garantir a seguran\u00e7a e a integridade f\u00edsica dessas pessoas em situa\u00e7\u00f5es de alto risco, proporcionando tranquilidade e confian\u00e7a em suas atividades di\u00e1rias desde escolta a transfers para aeroportos, escolas e qualquer outra necessidade do cliente.<\/p>\n<p>Nossos profissionais s\u00e3o altamente treinados e qualificados pelo ex\u00e9rcito israelense, com experi\u00eancia em t\u00e9cnicas de defesa pessoal, manejo de armas de fogo e procedimentos de seguran\u00e7a avan\u00e7ados. Eles s\u00e3o respons\u00e1veis por realizar avalia\u00e7\u00f5es de risco, planejamento de rotas seguras, escoltas, vigil\u00e2ncia e prote\u00e7\u00e3o em tempo integral para seus clientes.<\/p>\n<p>Al\u00e9m disso, os carros blindados fornecidos por esses servi\u00e7os s\u00e3o ve\u00edculos especialmente modificados para resistir a ataques e proteger seus ocupantes de amea\u00e7as externas, como tiros, explos\u00f5es e ataques f\u00edsicos. Equipados com materiais bal\u00edsticos de alta resist\u00eancia, sistemas de seguran\u00e7a avan\u00e7ados e tecnologia de comunica\u00e7\u00e3o de \u00faltima gera\u00e7\u00e3o, esses ve\u00edculos oferecem uma camada adicional de prote\u00e7\u00e3o e seguran\u00e7a para aqueles que os utilizam.<\/p>\n<p>Em resumo, um servi\u00e7o de prote\u00e7\u00e3p pssoal e carros blindados \u00e9 essencial para garantir a seguran\u00e7a e o bem-estar de indiv\u00edduos de alto perfil e sua fam\u00edlia em situa\u00e7\u00f5es de alto risco, proporcionando uma solu\u00e7\u00e3o completa e confi\u00e1vel para suas necessidades de seguran\u00e7a.<\/p>\t\t\t\t\t\t\t\t<\/div>\n\t\t\t\t<\/div>\n\t\t\t\t\t<\/div>\n\t\t\t\t<\/div>\n\t\t\t\t<\/div>\n\t\t","protected":false},"excerpt":{"rendered":"<p>Sobre Oferecemos um servi\u00e7o prote\u00e7\u00e3o especializada para indiv\u00edduos de alto perfil, como autoridades governamentais, empres\u00e1rios, celebridades e suas fam\u00edlias. Esses servi\u00e7os visam garantir a seguran\u00e7a e a integridade f\u00edsica dessas pessoas em situa\u00e7\u00f5es de alto risco, proporcionando tranquilidade e confian\u00e7a em suas atividades di\u00e1rias desde escolta a transfers para aeroportos, escolas e qualquer outra necessidade [&hellip;]<\/p>\n","protected":false},"author":1,"featured_media":0,"parent":0,"menu_order":0,"comment_status":"closed","ping_status":"closed","template":"","meta":{"site-sidebar-layout":"no-sidebar","site-content-layout":"page-builder","ast-site-content-layout":"full-width-container","site-content-style":"unboxed","site-sidebar-style":"unboxed","ast-global-header-display":"","ast-banner-title-visibility":"","ast-main-header-display":"","ast-hfb-above-header-display":"","ast-hfb-below-header-display":"","ast-hfb-mobile-header-display":"","site-post-title":"disabled","ast-breadcrumbs-content":"disabled","ast-featured-img":"disabled","footer-sml-layout":"","theme-transparent-header-meta":"enabled","adv-header-id-meta":"","stick-header-meta":"","header-above-stick-meta":"","header-main-stick-meta":"","header-below-stick-meta":"","astra-migrate-meta-layouts":"set","ast-page-background-enabled":"default","ast-page-background-meta":{"desktop":{"background-color":"","background-image":"","background-repeat":"repeat","background-position":"center center","background-size":"auto","background-attachment":"scroll","background-type":"","background-media":"","overlay-type":"","overlay-color":"","overlay-gradient":""},"tablet":{"background-color":"","background-image":"","background-repeat":"repeat","background-position":"center center","background-size":"auto","background-attachment":"scroll","background-type":"","background-media":"","overlay-type":"","overlay-color":"","overlay-gradient":""},"mobile":{"background-color":"","background-image":"","background-repeat":"repeat","background-position":"center center","background-size":"auto","background-attachment":"scroll","background-type":"","background-media":"","overlay-type":"","overlay-color":"","overlay-gradient":""}},"ast-content-background-meta":{"desktop":{"background-color":"var(--ast-global-color-5)","background-image":"","background-repeat":"repeat","background-position":"center center","background-size":"auto","background-attachment":"scroll","background-type":"","background-media":"","overlay-type":"","overlay-color":"","overlay-gradient":""},"tablet":{"background-color":"var(--ast-global-color-5)","background-image":"","background-repeat":"repeat","background-position":"center center","background-size":"auto","background-attachment":"scroll","background-type":"","background-media":"","overlay-type":"","overlay-color":"","overlay-gradient":""},"mobile":{"background-color":"var(--ast-global-color-5)","background-image":"","background-repeat":"repeat","background-position":"center center","background-size":"auto","background-attachment":"scroll","background-type":"","background-media":"","overlay-type":"","overlay-color":"","overlay-gradient":""}},"footnotes":""},"yoast_head":"<!-- This site is optimized with the Yoast SEO Premium plugin v19.1 (Yoast SEO v23.0) - https:\/\/yoast.com\/wordpress\/plugins\/seo\/ -->\n<title>About | Cristiano Mour\u00e3o Blindado<\/title>\n<meta name=\"robots\" content=\"index, follow, max-snippet:-1, max-image-preview:large, max-video-preview:-1\" \/>\n<link rel=\"canonical\" href=\"https:\/\/cristianomouraoblindado.com.br\/index.php\/sobre\/\" \/>\n<meta property=\"og:locale\" content=\"en_US\" \/>\n<meta property=\"og:type\" content=\"article\" \/>\n<meta property=\"og:title\" content=\"About\" \/>\n<meta property=\"og:description\" content=\"Sobre Oferecemos um servi\u00e7o prote\u00e7\u00e3o especializada para indiv\u00edduos de alto perfil, como autoridades governamentais, empres\u00e1rios, celebridades e suas fam\u00edlias. Esses servi\u00e7os visam garantir a seguran\u00e7a e a integridade f\u00edsica dessas pessoas em situa\u00e7\u00f5es de alto risco, proporcionando tranquilidade e confian\u00e7a em suas atividades di\u00e1rias desde escolta a transfers para aeroportos, escolas e qualquer outra necessidade [&hellip;]\" \/>\n<meta property=\"og:url\" content=\"https:\/\/cristianomouraoblindado.com.br\/index.php\/sobre\/\" \/>\n<meta property=\"og:site_name\" content=\"Cristiano Mour\u00e3o Blindado\" \/>\n<meta property=\"article:modified_time\" content=\"2024-06-15T14:06:51+00:00\" \/>\n<meta property=\"og:image\" content=\"https:\/\/cristianomouraoblindado.com.br\/wp-content\/uploads\/elementor\/thumbs\/soldados-israelenses--qmc62hfcel2qpkuwg69cg2ruqmpqk7s3x4yp0tro5c.png\" \/>\n<meta name=\"twitter:card\" content=\"summary_large_image\" \/>\n<meta name=\"twitter:label1\" content=\"Est. reading time\" \/>\n\t<meta name=\"twitter:data1\" content=\"2 minutes\" \/>\n<script type=\"application\/ld+json\" class=\"yoast-schema-graph\">{\"@context\":\"https:\/\/schema.org\",\"@graph\":[{\"@type\":\"WebPage\",\"@id\":\"https:\/\/cristianomouraoblindado.com.br\/index.php\/sobre\/\",\"url\":\"https:\/\/cristianomouraoblindado.com.br\/index.php\/sobre\/\",\"name\":\"About | Cristiano Mour\u00e3o Blindado\",\"isPartOf\":{\"@id\":\"https:\/\/cristianomouraoblindado.com.br\/#website\"},\"primaryImageOfPage\":{\"@id\":\"https:\/\/cristianomouraoblindado.com.br\/index.php\/sobre\/#primaryimage\"},\"image\":{\"@id\":\"https:\/\/cristianomouraoblindado.com.br\/index.php\/sobre\/#primaryimage\"},\"thumbnailUrl\":\"https:\/\/cristianomouraoblindado.com.br\/wp-content\/uploads\/elementor\/thumbs\/soldados-israelenses--qmc62hfcel2qpkuwg69cg2ruqmpqk7s3x4yp0tro5c.png\",\"datePublished\":\"2021-05-08T10:58:23+00:00\",\"dateModified\":\"2024-06-15T14:06:51+00:00\",\"breadcrumb\":{\"@id\":\"https:\/\/cristianomouraoblindado.com.br\/index.php\/sobre\/#breadcrumb\"},\"inLanguage\":\"en-US\",\"potentialAction\":[{\"@type\":\"ReadAction\",\"target\":[\"https:\/\/cristianomouraoblindado.com.br\/index.php\/sobre\/\"]}]},{\"@type\":\"ImageObject\",\"inLanguage\":\"en-US\",\"@id\":\"https:\/\/cristianomouraoblindado.com.br\/index.php\/sobre\/#primaryimage\",\"url\":\"https:\/\/cristianomouraoblindado.com.br\/wp-content\/uploads\/elementor\/thumbs\/soldados-israelenses--qmc62hfcel2qpkuwg69cg2ruqmpqk7s3x4yp0tro5c.png\",\"contentUrl\":\"https:\/\/cristianomouraoblindado.com.br\/wp-content\/uploads\/elementor\/thumbs\/soldados-israelenses--qmc62hfcel2qpkuwg69cg2ruqmpqk7s3x4yp0tro5c.png\"},{\"@type\":\"BreadcrumbList\",\"@id\":\"https:\/\/cristianomouraoblindado.com.br\/index.php\/sobre\/#breadcrumb\",\"itemListElement\":[{\"@type\":\"ListItem\",\"position\":1,\"name\":\"Home\",\"item\":\"https:\/\/cristianomouraoblindado.com.br\/\"},{\"@type\":\"ListItem\",\"position\":2,\"name\":\"About\"}]},{\"@type\":\"WebSite\",\"@id\":\"https:\/\/cristianomouraoblindado.com.br\/#website\",\"url\":\"https:\/\/cristianomouraoblindado.com.br\/\",\"name\":\"Cristiano Mour\u00e3o Blindado\",\"description\":\"Escolta Armada e Transporte Executivo Blindado\",\"publisher\":{\"@id\":\"https:\/\/cristianomouraoblindado.com.br\/#organization\"},\"potentialAction\":[{\"@type\":\"SearchAction\",\"target\":{\"@type\":\"EntryPoint\",\"urlTemplate\":\"https:\/\/cristianomouraoblindado.com.br\/?s={search_term_string}\"},\"query-input\":\"required name=search_term_string\"}],\"inLanguage\":\"en-US\"},{\"@type\":\"Organization\",\"@id\":\"https:\/\/cristianomouraoblindado.com.br\/#organization\",\"name\":\"Cristiano Mour\u00e3o Blindado\",\"url\":\"https:\/\/cristianomouraoblindado.com.br\/\",\"logo\":{\"@type\":\"ImageObject\",\"inLanguage\":\"en-US\",\"@id\":\"https:\/\/cristianomouraoblindado.com.br\/#\/schema\/logo\/image\/\",\"url\":\"https:\/\/cristianomouraoblindado.com.br\/wp-content\/uploads\/2024\/04\/WhatsApp-Image-2024-04-01-at-2.50.58-PM-6-2.jpeg\",\"contentUrl\":\"https:\/\/cristianomouraoblindado.com.br\/wp-content\/uploads\/2024\/04\/WhatsApp-Image-2024-04-01-at-2.50.58-PM-6-2.jpeg\",\"width\":1280,\"height\":825,\"caption\":\"Cristiano Mour\u00e3o Blindado\"},\"image\":{\"@id\":\"https:\/\/cristianomouraoblindado.com.br\/#\/schema\/logo\/image\/\"}}]}<\/script>\n<!-- \/ Yoast SEO Premium plugin. -->","yoast_head_json":{"title":"About | Cristiano Mour\u00e3o Blindado","robots":{"index":"index","follow":"follow","max-snippet":"max-snippet:-1","max-image-preview":"max-image-preview:large","max-video-preview":"max-video-preview:-1"},"canonical":"https:\/\/cristianomouraoblindado.com.br\/index.php\/sobre\/","og_locale":"en_US","og_type":"article","og_title":"About","og_description":"Sobre Oferecemos um servi\u00e7o prote\u00e7\u00e3o especializada para indiv\u00edduos de alto perfil, como autoridades governamentais, empres\u00e1rios, celebridades e suas fam\u00edlias. Esses servi\u00e7os visam garantir a seguran\u00e7a e a integridade f\u00edsica dessas pessoas em situa\u00e7\u00f5es de alto risco, proporcionando tranquilidade e confian\u00e7a em suas atividades di\u00e1rias desde escolta a transfers para aeroportos, escolas e qualquer outra necessidade [&hellip;]","og_url":"https:\/\/cristianomouraoblindado.com.br\/index.php\/sobre\/","og_site_name":"Cristiano Mour\u00e3o Blindado","article_modified_time":"2024-06-15T14:06:51+00:00","og_image":[{"url":"https:\/\/cristianomouraoblindado.com.br\/wp-content\/uploads\/elementor\/thumbs\/soldados-israelenses--qmc62hfcel2qpkuwg69cg2ruqmpqk7s3x4yp0tro5c.png"}],"twitter_card":"summary_large_image","twitter_misc":{"Est. reading time":"2 minutes"},"schema":{"@context":"https:\/\/schema.org","@graph":[{"@type":"WebPage","@id":"https:\/\/cristianomouraoblindado.com.br\/index.php\/sobre\/","url":"https:\/\/cristianomouraoblindado.com.br\/index.php\/sobre\/","name":"About | Cristiano Mour\u00e3o Blindado","isPartOf":{"@id":"https:\/\/cristianomouraoblindado.com.br\/#website"},"primaryImageOfPage":{"@id":"https:\/\/cristianomouraoblindado.com.br\/index.php\/sobre\/#primaryimage"},"image":{"@id":"https:\/\/cristianomouraoblindado.com.br\/index.php\/sobre\/#primaryimage"},"thumbnailUrl":"https:\/\/cristianomouraoblindado.com.br\/wp-content\/uploads\/elementor\/thumbs\/soldados-israelenses--qmc62hfcel2qpkuwg69cg2ruqmpqk7s3x4yp0tro5c.png","datePublished":"2021-05-08T10:58:23+00:00","dateModified":"2024-06-15T14:06:51+00:00","breadcrumb":{"@id":"https:\/\/cristianomouraoblindado.com.br\/index.php\/sobre\/#breadcrumb"},"inLanguage":"en-US","potentialAction":[{"@type":"ReadAction","target":["https:\/\/cristianomouraoblindado.com.br\/index.php\/sobre\/"]}]},{"@type":"ImageObject","inLanguage":"en-US","@id":"https:\/\/cristianomouraoblindado.com.br\/index.php\/sobre\/#primaryimage","url":"https:\/\/cristianomouraoblindado.com.br\/wp-content\/uploads\/elementor\/thumbs\/soldados-israelenses--qmc62hfcel2qpkuwg69cg2ruqmpqk7s3x4yp0tro5c.png","contentUrl":"https:\/\/cristianomouraoblindado.com.br\/wp-content\/uploads\/elementor\/thumbs\/soldados-israelenses--qmc62hfcel2qpkuwg69cg2ruqmpqk7s3x4yp0tro5c.png"},{"@type":"BreadcrumbList","@id":"https:\/\/cristianomouraoblindado.com.br\/index.php\/sobre\/#breadcrumb","itemListElement":[{"@type":"ListItem","position":1,"name":"Home","item":"https:\/\/cristianomouraoblindado.com.br\/"},{"@type":"ListItem","position":2,"name":"About"}]},{"@type":"WebSite","@id":"https:\/\/cristianomouraoblindado.com.br\/#website","url":"https:\/\/cristianomouraoblindado.com.br\/","name":"Cristiano Mour\u00e3o Blindado","description":"Escolta Armada e Transporte Executivo Blindado","publisher":{"@id":"https:\/\/cristianomouraoblindado.com.br\/#organization"},"potentialAction":[{"@type":"SearchAction","target":{"@type":"EntryPoint","urlTemplate":"https:\/\/cristianomouraoblindado.com.br\/?s={search_term_string}"},"query-input":"required name=search_term_string"}],"inLanguage":"en-US"},{"@type":"Organization","@id":"https:\/\/cristianomouraoblindado.com.br\/#organization","name":"Cristiano Mour\u00e3o Blindado","url":"https:\/\/cristianomouraoblindado.com.br\/","logo":{"@type":"ImageObject","inLanguage":"en-US","@id":"https:\/\/cristianomouraoblindado.com.br\/#\/schema\/logo\/image\/","url":"https:\/\/cristianomouraoblindado.com.br\/wp-content\/uploads\/2024\/04\/WhatsApp-Image-2024-04-01-at-2.50.58-PM-6-2.jpeg","contentUrl":"https:\/\/cristianomouraoblindado.com.br\/wp-content\/uploads\/2024\/04\/WhatsApp-Image-2024-04-01-at-2.50.58-PM-6-2.jpeg","width":1280,"height":825,"caption":"Cristiano Mour\u00e3o Blindado"},"image":{"@id":"https:\/\/cristianomouraoblindado.com.br\/#\/schema\/logo\/image\/"}}]}},"_links":{"self":[{"href":"https:\/\/cristianomouraoblindado.com.br\/index.php\/wp-json\/wp\/v2\/pages\/328"}],"collection":[{"href":"https:\/\/cristianomouraoblindado.com.br\/index.php\/wp-json\/wp\/v2\/pages"}],"about":[{"href":"https:\/\/cristianomouraoblindado.com.br\/index.php\/wp-json\/wp\/v2\/types\/page"}],"author":[{"embeddable":true,"href":"https:\/\/cristianomouraoblindado.com.br\/index.php\/wp-json\/wp\/v2\/users\/1"}],"replies":[{"embeddable":true,"href":"https:\/\/cristianomouraoblindado.com.br\/index.php\/wp-json\/wp\/v2\/comments?post=328"}],"version-history":[{"count":39,"href":"https:\/\/cristianomouraoblindado.com.br\/index.php\/wp-json\/wp\/v2\/pages\/328\/revisions"}],"predecessor-version":[{"id":1620,"href":"https:\/\/cristianomouraoblindado.com.br\/index.php\/wp-json\/wp\/v2\/pages\/328\/revisions\/1620"}],"wp:attachment":[{"href":"https:\/\/cristianomouraoblindado.com.br\/index.php\/wp-json\/wp\/v2\/media?parent=328"}],"curies":[{"name":"wp","href":"https:\/\/api.w.org\/{rel}","templated":true}]}}